{"id":501,"date":"2025-12-22T08:31:52","date_gmt":"2025-12-22T08:31:52","guid":{"rendered":"https:\/\/www.sentirevivere.com\/?post_type=product&#038;p=501"},"modified":"2026-03-29T16:06:42","modified_gmt":"2026-03-29T16:06:42","slug":"webinar-zeby-mi-sie-chcialo","status":"publish","type":"product","link":"https:\/\/www.sentirevivere.com\/index.php\/product\/webinar-zeby-mi-sie-chcialo\/","title":{"rendered":"\u201c\u017beby mi si\u0119 chcia\u0142o tak, jak mi si\u0119 nie chce\u201d &#8211; mini warsztaty online"},"content":{"rendered":"\t\t<div data-elementor-type=\"product-post\" data-elementor-id=\"501\" class=\"elementor elementor-501\" data-elementor-post-type=\"product\">\n\t\t\t\t<div class=\"elementor-element elementor-element-21cb38c e-flex e-con-boxed e-con e-parent\" data-id=\"21cb38c\" data-element_type=\"container\" data-e-type=\"container\">\n\t\t\t\t\t<div class=\"e-con-inner\">\n\t\t\t\t<div class=\"elementor-element elementor-element-69458a4 e-n-tabs-mobile elementor-widget elementor-widget-n-tabs\" data-id=\"69458a4\" data-element_type=\"widget\" data-e-type=\"widget\" data-widget_type=\"nested-tabs.default\">\n\t\t\t\t\t\t\t<div class=\"e-n-tabs\" data-widget-number=\"110385316\" aria-label=\"Tabs. Open items with Enter or Space, close with Escape and navigate using the Arrow keys.\">\n\t\t\t<div class=\"e-n-tabs-heading\" role=\"tablist\">\n\t\t\t\t\t<button id=\"e-n-tab-title-1103853161\" data-tab-title-id=\"e-n-tab-title-1103853161\" class=\"e-n-tab-title\" aria-selected=\"true\" data-tab-index=\"1\" role=\"tab\" tabindex=\"0\" aria-controls=\"e-n-tab-content-1103853161\" style=\"--n-tabs-title-order: 1;\">\n\t\t\t\t\t\t<span class=\"e-n-tab-title-text\">\n\t\t\t\tKiedy?\t\t\t<\/span>\n\t\t<\/button>\n\t\t\t\t<button id=\"e-n-tab-title-1103853162\" data-tab-title-id=\"e-n-tab-title-1103853162\" class=\"e-n-tab-title\" aria-selected=\"false\" data-tab-index=\"2\" role=\"tab\" tabindex=\"-1\" aria-controls=\"e-n-tab-content-1103853162\" style=\"--n-tabs-title-order: 2;\">\n\t\t\t\t\t\t<span class=\"e-n-tab-title-text\">\n\t\t\t\tCo mi da webinar?\t\t\t<\/span>\n\t\t<\/button>\n\t\t\t\t\t<\/div>\n\t\t\t<div class=\"e-n-tabs-content\">\n\t\t\t\t<div id=\"e-n-tab-content-1103853161\" role=\"tabpanel\" aria-labelledby=\"e-n-tab-title-1103853161\" data-tab-index=\"1\" style=\"--n-tabs-title-order: 1;\" class=\"e-active elementor-element elementor-element-1ab9f1c e-con-full e-flex e-con e-child\" data-id=\"1ab9f1c\" data-element_type=\"container\" data-e-type=\"container\">\n\t\t\t\t<div class=\"elementor-element elementor-element-74365a9 elementor-widget elementor-widget-text-editor\" data-id=\"74365a9\" data-element_type=\"widget\" data-e-type=\"widget\" data-widget_type=\"text-editor.default\">\n\t\t\t\t\t\t\t\t\t<blockquote style=\"color: #222222; font-family: Arial, Helvetica, sans-serif; font-size: small;\"><div dir=\"ltr\">25.04.2026 w godzinach 11.00-12.30<\/div><\/blockquote>\t\t\t\t\t\t\t\t<\/div>\n\t\t\t\t<\/div>\n\t\t<div id=\"e-n-tab-content-1103853162\" role=\"tabpanel\" aria-labelledby=\"e-n-tab-title-1103853162\" data-tab-index=\"2\" style=\"--n-tabs-title-order: 2;\" class=\" elementor-element elementor-element-908423b e-con-full e-flex e-con e-child\" data-id=\"908423b\" data-element_type=\"container\" data-e-type=\"container\">\n\t\t\t\t<div class=\"elementor-element elementor-element-e7f25ce elementor-widget elementor-widget-text-editor\" data-id=\"e7f25ce\" data-element_type=\"widget\" data-e-type=\"widget\" data-widget_type=\"text-editor.default\">\n\t\t\t\t\t\t\t\t\t<blockquote style=\"color: #222222; font-family: Arial, Helvetica, sans-serif; font-size: small;\"><div dir=\"ltr\"><div>\u201cChc\u0119\u201d uruchamia energi\u0119 \u017cycia. A energia \u017cycia sprawia, \u017ce inaczej funkcjonujesz. Tego nie da si\u0119 wyt\u0142umaczy\u0107 to mo\u017cna jedynie poczu\u0107.<\/div><div>\u00a0<\/div><div>W czasie webinaru W PRAKTYCE do\u015bwiadczysz r\u00f3\u017cnicy mi\u0119dzy \u201cnie chce mi si\u0119\u201d versus \u201cchc\u0119 dla siebie\u201d. Od tego momentu b\u0119dziesz mie\u0107 wyb\u00f3r.\u00a0<\/div><div>Celem webinaru jest pokaza\u0107 Ci jak na co dzie\u0144 dociera\u0107 do swojego \u201cchc\u0119\u201d i jak to zmienia jako\u015b\u0107 \u017cycia.<\/div><\/div><\/blockquote>\t\t\t\t\t\t\t\t<\/div>\n\t\t\t\t<\/div>\n\t\t\t\t\t<\/div>\n\t\t<\/div>\n\t\t\t\t\t\t<\/div>\n\t\t\t\t\t<\/div>\n\t\t\t\t<\/div>\n\t\t<div class=\"elementor-element elementor-element-132fb0e e-flex e-con-boxed e-con e-parent\" data-id=\"132fb0e\" data-element_type=\"container\" data-e-type=\"container\">\n\t\t\t\t\t<div class=\"e-con-inner\">\n\t\t\t\t<div class=\"elementor-element elementor-element-9b99a2e elementor-widget elementor-widget-html\" data-id=\"9b99a2e\" data-element_type=\"widget\" data-e-type=\"widget\" data-widget_type=\"html.default\">\n\t\t\t\t\t<div class=\"resconbop-box\"><div class=\"resconbop_custom_text\"><p>Hidden content<\/p><\/div><\/div>\t\t\t\t<\/div>\n\t\t\t\t\t<\/div>\n\t\t\t\t<\/div>\n\t\t\t\t<\/div>\n\t\t\n    <div class=\"xs_social_share_widget xs_share_url after_content \t\tmain_content  wslu-style-1 wslu-share-box-shaped wslu-fill-colored wslu-none wslu-share-horizontal wslu-theme-font-no wslu-main_content\">\n\n\t\t\n        <ul>\n\t\t\t        <\/ul>\n    <\/div> \n","protected":false},"excerpt":{"rendered":"<div dir=\"ltr\">\n<div>Co mi dadz\u0105 mini warsztaty?<\/div>\n<div>\u201cChc\u0119\u201d uruchamia energi\u0119 \u017cycia. A energia \u017cycia sprawia, \u017ce inaczej funkcjonujesz. Tego nie da si\u0119 wyt\u0142umaczy\u0107 to mo\u017cna jedynie poczu\u0107.<\/div>\n<div>Dowiesz si\u0119 jak pracowa\u0107 z<\/div>\n<div>&#8211; nie mam si\u0142y<\/div>\n<div>&#8211; nie mog\u0119<\/div>\n<div>&#8211; nie warto<\/div>\n<div>&#8211; nie chce mi si\u0119.<\/div>\n<div><\/div>\n<\/div>\n","protected":false},"featured_media":640,"comment_status":"open","ping_status":"closed","template":"","meta":{"_acf_changed":false},"product_brand":[],"product_cat":[16],"product_tag":[],"class_list":{"0":"post-501","1":"product","2":"type-product","3":"status-publish","4":"has-post-thumbnail","6":"product_cat-uncategorized","8":"first","9":"instock","10":"virtual","11":"purchasable","12":"product-type-simple"},"acf":[],"jetpack_sharing_enabled":true,"_links":{"self":[{"href":"https:\/\/www.sentirevivere.com\/index.php\/wp-json\/wp\/v2\/product\/501","targetHints":{"allow":["GET"]}}],"collection":[{"href":"https:\/\/www.sentirevivere.com\/index.php\/wp-json\/wp\/v2\/product"}],"about":[{"href":"https:\/\/www.sentirevivere.com\/index.php\/wp-json\/wp\/v2\/types\/product"}],"replies":[{"embeddable":true,"href":"https:\/\/www.sentirevivere.com\/index.php\/wp-json\/wp\/v2\/comments?post=501"}],"version-history":[{"count":25,"href":"https:\/\/www.sentirevivere.com\/index.php\/wp-json\/wp\/v2\/product\/501\/revisions"}],"predecessor-version":[{"id":713,"href":"https:\/\/www.sentirevivere.com\/index.php\/wp-json\/wp\/v2\/product\/501\/revisions\/713"}],"wp:featuredmedia":[{"embeddable":true,"href":"https:\/\/www.sentirevivere.com\/index.php\/wp-json\/wp\/v2\/media\/640"}],"wp:attachment":[{"href":"https:\/\/www.sentirevivere.com\/index.php\/wp-json\/wp\/v2\/media?parent=501"}],"wp:term":[{"taxonomy":"product_brand","embeddable":true,"href":"https:\/\/www.sentirevivere.com\/index.php\/wp-json\/wp\/v2\/product_brand?post=501"},{"taxonomy":"product_cat","embeddable":true,"href":"https:\/\/www.sentirevivere.com\/index.php\/wp-json\/wp\/v2\/product_cat?post=501"},{"taxonomy":"product_tag","embeddable":true,"href":"https:\/\/www.sentirevivere.com\/index.php\/wp-json\/wp\/v2\/product_tag?post=501"}],"curies":[{"name":"wp","href":"https:\/\/api.w.org\/{rel}","templated":true}]}}