{"id":509,"date":"2025-12-24T14:24:39","date_gmt":"2025-12-24T14:24:39","guid":{"rendered":"https:\/\/www.sentirevivere.com\/?post_type=product&#038;p=509"},"modified":"2026-01-18T08:55:39","modified_gmt":"2026-01-18T08:55:39","slug":"spokoj-nie-tylko-od-swieta","status":"publish","type":"product","link":"https:\/\/www.sentirevivere.com\/index.php\/product\/spokoj-nie-tylko-od-swieta\/","title":{"rendered":"Spok\u00f3j nie tylko od \u015bwi\u0119ta (PL)"},"content":{"rendered":"\t\t<div data-elementor-type=\"product-post\" data-elementor-id=\"509\" class=\"elementor elementor-509\" data-elementor-post-type=\"product\">\n\t\t\t\t<div class=\"elementor-element elementor-element-233a798 e-flex e-con-boxed e-con e-parent\" data-id=\"233a798\" data-element_type=\"container\" data-e-type=\"container\">\n\t\t\t\t\t<div class=\"e-con-inner\">\n\t\t\t\t<div class=\"elementor-element elementor-element-9656b9b e-n-tabs-mobile elementor-widget elementor-widget-n-tabs\" data-id=\"9656b9b\" data-element_type=\"widget\" data-e-type=\"widget\" data-settings=\"{&quot;horizontal_scroll&quot;:&quot;disable&quot;}\" data-widget_type=\"nested-tabs.default\">\n\t\t\t\t\t\t\t<div class=\"e-n-tabs\" data-widget-number=\"157641627\" aria-label=\"Tabs. Open items with Enter or Space, close with Escape and navigate using the Arrow keys.\">\n\t\t\t<div class=\"e-n-tabs-heading\" role=\"tablist\">\n\t\t\t\t\t<button id=\"e-n-tab-title-1576416271\" data-tab-title-id=\"e-n-tab-title-1576416271\" class=\"e-n-tab-title\" aria-selected=\"true\" data-tab-index=\"1\" role=\"tab\" tabindex=\"0\" aria-controls=\"e-n-tab-content-1576416271\" style=\"--n-tabs-title-order: 1;\">\n\t\t\t\t\t\t<span class=\"e-n-tab-title-text\">\n\t\t\t\tCo daje ten materia\u0142?\t\t\t<\/span>\n\t\t<\/button>\n\t\t\t\t<button id=\"e-n-tab-title-1576416272\" data-tab-title-id=\"e-n-tab-title-1576416272\" class=\"e-n-tab-title\" aria-selected=\"false\" data-tab-index=\"2\" role=\"tab\" tabindex=\"-1\" aria-controls=\"e-n-tab-content-1576416272\" style=\"--n-tabs-title-order: 2;\">\n\t\t\t\t\t\t<span class=\"e-n-tab-title-text\">\n\t\t\t\tCo dok\u0142adnie otrzymujesz?\t\t\t<\/span>\n\t\t<\/button>\n\t\t\t\t<button id=\"e-n-tab-title-1576416273\" data-tab-title-id=\"e-n-tab-title-1576416273\" class=\"e-n-tab-title\" aria-selected=\"false\" data-tab-index=\"3\" role=\"tab\" tabindex=\"-1\" aria-controls=\"e-n-tab-content-1576416273\" style=\"--n-tabs-title-order: 3;\">\n\t\t\t\t\t\t<span class=\"e-n-tab-title-text\">\n\t\t\t\tTo nie jest materia\u0142 dla os\u00f3b, kt\u00f3re:\t\t\t<\/span>\n\t\t<\/button>\n\t\t\t\t<button id=\"e-n-tab-title-1576416274\" data-tab-title-id=\"e-n-tab-title-1576416274\" class=\"e-n-tab-title\" aria-selected=\"false\" data-tab-index=\"4\" role=\"tab\" tabindex=\"-1\" aria-controls=\"e-n-tab-content-1576416274\" style=\"--n-tabs-title-order: 4;\">\n\t\t\t\t\t\t<span class=\"e-n-tab-title-text\">\n\t\t\t\tEfekt\t\t\t<\/span>\n\t\t<\/button>\n\t\t\t\t\t<\/div>\n\t\t\t<div class=\"e-n-tabs-content\">\n\t\t\t\t<div id=\"e-n-tab-content-1576416271\" role=\"tabpanel\" aria-labelledby=\"e-n-tab-title-1576416271\" data-tab-index=\"1\" style=\"--n-tabs-title-order: 1;\" class=\"e-active elementor-element elementor-element-6cc965b e-con-full e-flex e-con e-child\" data-id=\"6cc965b\" data-element_type=\"container\" data-e-type=\"container\">\n\t\t\t\t<div class=\"elementor-element elementor-element-258267a elementor-widget elementor-widget-text-editor\" data-id=\"258267a\" data-element_type=\"widget\" data-e-type=\"widget\" data-widget_type=\"text-editor.default\">\n\t\t\t\t\t\t\t\t\t<ul><li>pomaga regulowa\u0107 napi\u0119cie w ciele i g\u0142owie,<\/li><li>zmniejsza mentalny po\u015bpiech i ko\u0142owrotek my\u015bli \u201emusz\u0119 \/ nie zd\u0105\u017c\u0119\u201d,<\/li><li>pozwala by\u0107 bli\u017cej siebie\u00a0bez zrywania relacji z innymi,<\/li><li>daje poczucie ulgi i wi\u0119kszej wewn\u0119trznej zgody.<\/li><\/ul>\t\t\t\t\t\t\t\t<\/div>\n\t\t\t\t<\/div>\n\t\t<div id=\"e-n-tab-content-1576416272\" role=\"tabpanel\" aria-labelledby=\"e-n-tab-title-1576416272\" data-tab-index=\"2\" style=\"--n-tabs-title-order: 2;\" class=\" elementor-element elementor-element-305a239 e-con-full e-flex e-con e-child\" data-id=\"305a239\" data-element_type=\"container\" data-e-type=\"container\">\n\t\t\t\t<div class=\"elementor-element elementor-element-428bbca elementor-widget elementor-widget-text-editor\" data-id=\"428bbca\" data-element_type=\"widget\" data-e-type=\"widget\" data-widget_type=\"text-editor.default\">\n\t\t\t\t\t\t\t\t\t<ul><li>1,5 h nagrania wideo \u2013 om\u00f3wienie 10 praktyk do zastosowania w sytuacji stresowej &#8211; wystarczy przet\u0142umaczy\u0107 sytuacje \u015bwi\u0105teczne na sytuacj\u0119 bie\u017c\u0105c\u0105.<\/li><li>plik audio do ods\u0142uchu dla wygody<\/li><li>PDF z \u0107wiczeniami i podsumowaniami<\/li><li>BONUS: medytacja dla os\u00f3b \u017cyj\u0105cych w trybie \u201enie zd\u0105\u017c\u0119\u201d\/&#8221;nie mam czasu&#8221;<br \/><br \/><\/li><\/ul>\t\t\t\t\t\t\t\t<\/div>\n\t\t\t\t<\/div>\n\t\t<div id=\"e-n-tab-content-1576416273\" role=\"tabpanel\" aria-labelledby=\"e-n-tab-title-1576416273\" data-tab-index=\"3\" style=\"--n-tabs-title-order: 3;\" class=\" elementor-element elementor-element-d2f6491 e-con-full e-flex e-con e-child\" data-id=\"d2f6491\" data-element_type=\"container\" data-e-type=\"container\">\n\t\t\t\t<div class=\"elementor-element elementor-element-827dd2d elementor-widget elementor-widget-text-editor\" data-id=\"827dd2d\" data-element_type=\"widget\" data-e-type=\"widget\" data-widget_type=\"text-editor.default\">\n\t\t\t\t\t\t\t\t\t<ul><li>chc\u0105 zmienia\u0107 innych<\/li><li>szukaj\u0105 checklisty idealnych rozwi\u0105za\u0144,<\/li><li>oczekuj\u0105 szybkiej zmiany osobowo\u015bci.<\/li><\/ul>\t\t\t\t\t\t\t\t<\/div>\n\t\t\t\t<\/div>\n\t\t<div id=\"e-n-tab-content-1576416274\" role=\"tabpanel\" aria-labelledby=\"e-n-tab-title-1576416274\" data-tab-index=\"4\" style=\"--n-tabs-title-order: 4;\" class=\" elementor-element elementor-element-444f828 e-flex e-con-boxed e-con e-child\" data-id=\"444f828\" data-element_type=\"container\" data-e-type=\"container\">\n\t\t\t\t\t<div class=\"e-con-inner\">\n\t\t\t\t<div class=\"elementor-element elementor-element-0e10976 elementor-widget elementor-widget-text-editor\" data-id=\"0e10976\" data-element_type=\"widget\" data-e-type=\"widget\" data-widget_type=\"text-editor.default\">\n\t\t\t\t\t\t\t\t\t<p>Uczucie blisko\u015bci ze sob\u0105 w czasie, kiedy najbardziej jej potrzebujesz. Czujesz wi\u0119kszy spok\u00f3j wewn\u0119trzny w momencie, kiedy do\u015bwiadczasz sytuacji presji ze \u015bwiata zewn\u0105trznego.<\/p>\t\t\t\t\t\t\t\t<\/div>\n\t\t\t\t\t<\/div>\n\t\t\t\t<\/div>\n\t\t\t\t\t<\/div>\n\t\t<\/div>\n\t\t\t\t\t\t<\/div>\n\t\t\t\t<div class=\"elementor-element elementor-element-f808cc8 elementor-widget elementor-widget-text-editor\" data-id=\"f808cc8\" data-element_type=\"widget\" data-e-type=\"widget\" data-widget_type=\"text-editor.default\">\n\t\t\t\t\t\t\t\t\t<p><strong>Spok\u00f3j ducha nie tylko na \u015bwi\u0119ta.<\/strong><\/p><p>Odkryj dla siebie kurs online, kt\u00f3ry zosta\u0142 przygotowany, aby przetrwa\u0107 czas przed\u015bwi\u0105teczny, ale mo\u017ce Ci s\u0142u\u017cy\u0107 na co dzie\u0144. <strong>W ka\u017cdej\u00a0 sytuacji bycia pod presj\u0105<\/strong> mo\u017cesz skorzysta\u0107 z 10 prostych technik, kt\u00f3re pomog\u0105 Ci z\u0142agodzi\u0107 stres.<\/p><p>Co zyskasz?<\/p><p>Dzi\u0119ki 10 prostym praktykom zyskasz PRAWDZIWY SPOK\u00d3J DUCHA. Dzi\u0119ki temu zyskasz dost\u0119p do najcenniejszego zasobu \u2013 swojej energii.<\/p><p>Czy chcesz czu\u0107 si\u0119 swobodnie, nie reaguj\u0105c na os\u0105dy innych?<br \/>Czy chcesz uwolni\u0107 si\u0119 od poczucia \u201emusz\u0119 to zrobi\u0107\u201d\/ \u201epowinienem to zrobi\u0107\u201d?<br \/>Czy chcesz uwolni\u0107 si\u0119 od szanta\u017cu s\u0142owem \u201erozczarowanie\u201d?<br \/>Czy jeste\u015b zm\u0119czony ci\u0105g\u0142\u0105 rywalizacj\u0105 z innymi, z samym sob\u0105 z przesz\u0142o\u015bci lub z wyobra\u017ani?<br \/>CZY CHCESZ MIE\u0106 SWOBOD\u0118 DECYDOWANIA O SWOICH REAKCJACH?<\/p><p>Je\u015bli na powy\u017csze pytania przynajmniej jedna odpowied\u017a brzmi TAK, ten kurs jest dla Ciebie.<\/p><p>To naprawd\u0119 niewielka inwestycja, by cieszy\u0107 si\u0119 \u017cyciem wysokiej jako\u015bci.<\/p><p>Spr\u00f3buj!<\/p>\t\t\t\t\t\t\t\t<\/div>\n\t\t\t\t\t<\/div>\n\t\t\t\t<\/div>\n\t\t<div class=\"elementor-element elementor-element-a89c949 e-flex e-con-boxed e-con e-parent\" data-id=\"a89c949\" data-element_type=\"container\" data-e-type=\"container\">\n\t\t\t\t\t<div class=\"e-con-inner\">\n\t\t\t\t<div class=\"elementor-element elementor-element-c55736e elementor-widget elementor-widget-html\" data-id=\"c55736e\" data-element_type=\"widget\" data-e-type=\"widget\" data-widget_type=\"html.default\">\n\t\t\t\t\t<div class=\"resconbop-box\"><div class=\"resconbop_custom_text\"><p>Hidden content<\/p><\/div><\/div>\t\t\t\t<\/div>\n\t\t\t\t\t<\/div>\n\t\t\t\t<\/div>\n\t\t\t\t<\/div>\n\t\t\n    <div class=\"xs_social_share_widget xs_share_url after_content \t\tmain_content  wslu-style-1 wslu-share-box-shaped wslu-fill-colored wslu-none wslu-share-horizontal wslu-theme-font-no wslu-main_content\">\n\n\t\t\n        <ul>\n\t\t\t        <\/ul>\n    <\/div> \n","protected":false},"excerpt":{"rendered":"<p>1,5-godzinne nagranie + PDF z \u0107wiczeniami, kt\u00f3re pomagaj\u0105 obni\u017cy\u0107 napi\u0119cie, stres i presj\u0119 w ka\u017cdej sytuacji stresowej. K<span class=\"Y2IQFc\" lang=\"pl\">urs zosta\u0142 przygotowany, aby przetrwa\u0107 czas przed\u015bwi\u0105teczny, <strong>ale mo\u017ce Ci s\u0142u\u017cy\u0107 na co dzie\u0144.<\/strong> W ka\u017cdej sytuacji bycia pod presj\u0105 mo\u017cesz skorzysta\u0107 z 10 prostych technik, kt\u00f3re pomog\u0105 Ci z\u0142agodzi\u0107 stres.<\/span><\/p>\n","protected":false},"featured_media":510,"comment_status":"open","ping_status":"closed","template":"","meta":{"_acf_changed":false},"product_brand":[],"product_cat":[16],"product_tag":[],"class_list":{"0":"post-509","1":"product","2":"type-product","3":"status-publish","4":"has-post-thumbnail","6":"product_cat-uncategorized","8":"first","9":"instock","10":"downloadable","11":"virtual","12":"purchasable","13":"product-type-simple"},"acf":[],"jetpack_sharing_enabled":true,"_links":{"self":[{"href":"https:\/\/www.sentirevivere.com\/index.php\/wp-json\/wp\/v2\/product\/509","targetHints":{"allow":["GET"]}}],"collection":[{"href":"https:\/\/www.sentirevivere.com\/index.php\/wp-json\/wp\/v2\/product"}],"about":[{"href":"https:\/\/www.sentirevivere.com\/index.php\/wp-json\/wp\/v2\/types\/product"}],"replies":[{"embeddable":true,"href":"https:\/\/www.sentirevivere.com\/index.php\/wp-json\/wp\/v2\/comments?post=509"}],"version-history":[{"count":35,"href":"https:\/\/www.sentirevivere.com\/index.php\/wp-json\/wp\/v2\/product\/509\/revisions"}],"predecessor-version":[{"id":561,"href":"https:\/\/www.sentirevivere.com\/index.php\/wp-json\/wp\/v2\/product\/509\/revisions\/561"}],"wp:featuredmedia":[{"embeddable":true,"href":"https:\/\/www.sentirevivere.com\/index.php\/wp-json\/wp\/v2\/media\/510"}],"wp:attachment":[{"href":"https:\/\/www.sentirevivere.com\/index.php\/wp-json\/wp\/v2\/media?parent=509"}],"wp:term":[{"taxonomy":"product_brand","embeddable":true,"href":"https:\/\/www.sentirevivere.com\/index.php\/wp-json\/wp\/v2\/product_brand?post=509"},{"taxonomy":"product_cat","embeddable":true,"href":"https:\/\/www.sentirevivere.com\/index.php\/wp-json\/wp\/v2\/product_cat?post=509"},{"taxonomy":"product_tag","embeddable":true,"href":"https:\/\/www.sentirevivere.com\/index.php\/wp-json\/wp\/v2\/product_tag?post=509"}],"curies":[{"name":"wp","href":"https:\/\/api.w.org\/{rel}","templated":true}]}}