{"id":681,"date":"2026-03-29T15:37:26","date_gmt":"2026-03-29T15:37:26","guid":{"rendered":"https:\/\/www.sentirevivere.com\/?post_type=product&#038;p=681"},"modified":"2026-04-11T06:41:56","modified_gmt":"2026-04-11T06:41:56","slug":"jestem-wykorzystany-mini-kurs","status":"publish","type":"product","link":"https:\/\/www.sentirevivere.com\/index.php\/product\/jestem-wykorzystany-mini-kurs\/","title":{"rendered":"Jestem wykorzystany &#8211; Mini kurs pdf z medytacjami"},"content":{"rendered":"\t\t<div data-elementor-type=\"product-post\" data-elementor-id=\"681\" class=\"elementor elementor-681\" data-elementor-post-type=\"product\">\n\t\t\t\t<div class=\"elementor-element elementor-element-6d8ba3d2 e-flex e-con-boxed e-con e-parent\" data-id=\"6d8ba3d2\" data-element_type=\"container\" data-e-type=\"container\">\n\t\t\t\t\t<div class=\"e-con-inner\">\n\t\t\t\t<div class=\"elementor-element elementor-element-26a4c431 elementor-widget elementor-widget-text-editor\" data-id=\"26a4c431\" data-element_type=\"widget\" data-e-type=\"widget\" data-widget_type=\"text-editor.default\">\n\t\t\t\t\t\t\t\t\t<p><span style=\"font-weight: 400;\">&#8220;Jestem wykorzystany\u201d &#8211; te s\u0142owa bardzo nakr\u0119caj\u0105 uk\u0142ad nerwowy. Mo\u017cesz du\u017co my\u015ble\u0107 na ten temat, do\u015bwiadcza\u0107 z\u0142o\u015bci na siebie i innych, a to zu\u017cywa energi\u0119 <\/span><b>nie daj\u0105c nic w zamian<\/b><span style=\"font-weight: 400;\">! <\/span><\/p><p>Mo\u017cna to uzdrowi\u0107.<\/p><p>O tym jest ten mini kurs.<\/p><p>W kursie znajdziesz medytacje u\u015bwiadamiaj\u0105ce, ale przede wszystkim proste \u0107wiczenie jak uzdrawia\u0107 ten nawyk my\u015bleniowy.<\/p>\t\t\t\t\t\t\t\t<\/div>\n\t\t\t\t\t<\/div>\n\t\t\t\t<\/div>\n\t\t<div class=\"elementor-element elementor-element-be4e648 e-flex e-con-boxed e-con e-parent\" data-id=\"be4e648\" data-element_type=\"container\" data-e-type=\"container\">\n\t\t\t\t\t<div class=\"e-con-inner\">\n\t\t\t\t\t<\/div>\n\t\t\t\t<\/div>\n\t\t<div class=\"elementor-element elementor-element-eea97ef e-flex e-con-boxed e-con e-parent\" data-id=\"eea97ef\" data-element_type=\"container\" data-e-type=\"container\">\n\t\t\t\t\t<div class=\"e-con-inner\">\n\t\t\t\t<div class=\"elementor-element elementor-element-57142e6 elementor-widget elementor-widget-html\" data-id=\"57142e6\" data-element_type=\"widget\" data-e-type=\"widget\" data-widget_type=\"html.default\">\n\t\t\t\t\t<div class=\"resconbop-box\"><div class=\"resconbop_custom_text\"><p>Hidden content<\/p><\/div><\/div>\t\t\t\t<\/div>\n\t\t\t\t\t<\/div>\n\t\t\t\t<\/div>\n\t\t<div class=\"elementor-element elementor-element-ab7f546 e-flex e-con-boxed e-con e-parent\" data-id=\"ab7f546\" data-element_type=\"container\" data-e-type=\"container\">\n\t\t\t\t\t<div class=\"e-con-inner\">\n\t\t\t\t\t<\/div>\n\t\t\t\t<\/div>\n\t\t<div class=\"elementor-element elementor-element-d3f81d2 e-flex e-con-boxed e-con e-parent\" data-id=\"d3f81d2\" data-element_type=\"container\" data-e-type=\"container\">\n\t\t\t\t\t<div class=\"e-con-inner\">\n\t\t\t\t\t<\/div>\n\t\t\t\t<\/div>\n\t\t\t\t<\/div>\n\t\t\n    <div class=\"xs_social_share_widget xs_share_url after_content \t\tmain_content  wslu-style-1 wslu-share-box-shaped wslu-fill-colored wslu-none wslu-share-horizontal wslu-theme-font-no wslu-main_content\">\n\n\t\t\n        <ul>\n\t\t\t        <\/ul>\n    <\/div> \n","protected":false},"excerpt":{"rendered":"<p>&#8220;Jestem wykorzystany\u201d &#8211; te s\u0142owa bardzo nakr\u0119caj\u0105 uk\u0142ad nerwowy. Mo\u017cesz du\u017co my\u015ble\u0107 na ten temat, do\u015bwiadcza\u0107 z\u0142o\u015bci na siebie i innych, a to zu\u017cywa energi\u0119 nie daj\u0105c nic w zamian! Mo\u017cna to uzdrowi\u0107. O tym jest ten mini kurs. W kursie znajdziesz medytacje u\u015bwiadamiaj\u0105ce, ale przede wszystkim proste \u0107wiczenie jak uzdrawia\u0107 ten nawyk my\u015bleniowy.<\/p>\n","protected":false},"featured_media":689,"comment_status":"open","ping_status":"closed","template":"","meta":{"_acf_changed":false},"product_brand":[],"product_cat":[16],"product_tag":[],"class_list":{"0":"post-681","1":"product","2":"type-product","3":"status-publish","4":"has-post-thumbnail","6":"product_cat-uncategorized","8":"first","9":"instock","10":"downloadable","11":"virtual","12":"purchasable","13":"product-type-simple"},"acf":[],"jetpack_sharing_enabled":true,"_links":{"self":[{"href":"https:\/\/www.sentirevivere.com\/index.php\/wp-json\/wp\/v2\/product\/681","targetHints":{"allow":["GET"]}}],"collection":[{"href":"https:\/\/www.sentirevivere.com\/index.php\/wp-json\/wp\/v2\/product"}],"about":[{"href":"https:\/\/www.sentirevivere.com\/index.php\/wp-json\/wp\/v2\/types\/product"}],"replies":[{"embeddable":true,"href":"https:\/\/www.sentirevivere.com\/index.php\/wp-json\/wp\/v2\/comments?post=681"}],"version-history":[{"count":26,"href":"https:\/\/www.sentirevivere.com\/index.php\/wp-json\/wp\/v2\/product\/681\/revisions"}],"predecessor-version":[{"id":759,"href":"https:\/\/www.sentirevivere.com\/index.php\/wp-json\/wp\/v2\/product\/681\/revisions\/759"}],"wp:featuredmedia":[{"embeddable":true,"href":"https:\/\/www.sentirevivere.com\/index.php\/wp-json\/wp\/v2\/media\/689"}],"wp:attachment":[{"href":"https:\/\/www.sentirevivere.com\/index.php\/wp-json\/wp\/v2\/media?parent=681"}],"wp:term":[{"taxonomy":"product_brand","embeddable":true,"href":"https:\/\/www.sentirevivere.com\/index.php\/wp-json\/wp\/v2\/product_brand?post=681"},{"taxonomy":"product_cat","embeddable":true,"href":"https:\/\/www.sentirevivere.com\/index.php\/wp-json\/wp\/v2\/product_cat?post=681"},{"taxonomy":"product_tag","embeddable":true,"href":"https:\/\/www.sentirevivere.com\/index.php\/wp-json\/wp\/v2\/product_tag?post=681"}],"curies":[{"name":"wp","href":"https:\/\/api.w.org\/{rel}","templated":true}]}}