{"id":724,"date":"2026-04-03T13:31:33","date_gmt":"2026-04-03T13:31:33","guid":{"rendered":"https:\/\/www.sentirevivere.com\/?post_type=product&#038;p=724"},"modified":"2026-04-11T10:47:49","modified_gmt":"2026-04-11T10:47:49","slug":"nie-bede-sie-przejowac-mini-kurs","status":"publish","type":"product","link":"https:\/\/www.sentirevivere.com\/index.php\/product\/nie-bede-sie-przejowac-mini-kurs\/","title":{"rendered":"Nie b\u0119d\u0119 si\u0119 przejmowa\u0107 &#8211; Mini kurs pdf z medytacjami"},"content":{"rendered":"\t\t<div data-elementor-type=\"product-post\" data-elementor-id=\"724\" class=\"elementor elementor-724\" data-elementor-post-type=\"product\">\n\t\t\t\t<div class=\"elementor-element elementor-element-eea97ef e-flex e-con-boxed e-con e-parent\" data-id=\"eea97ef\" data-element_type=\"container\" data-e-type=\"container\">\n\t\t\t\t\t<div class=\"e-con-inner\">\n\t\t\t\t<div class=\"elementor-element elementor-element-57142e6 elementor-widget elementor-widget-html\" data-id=\"57142e6\" data-element_type=\"widget\" data-e-type=\"widget\" data-widget_type=\"html.default\">\n\t\t\t\t\t<div class=\"resconbop-box\"><div class=\"resconbop_custom_text\"><p>Hidden content<\/p><\/div><\/div>\t\t\t\t<\/div>\n\t\t\t\t\t<\/div>\n\t\t\t\t<\/div>\n\t\t<div class=\"elementor-element elementor-element-e312b08 e-flex e-con-boxed e-con e-parent\" data-id=\"e312b08\" data-element_type=\"container\" data-e-type=\"container\">\n\t\t\t\t\t<div class=\"e-con-inner\">\n\t\t\t\t\t<\/div>\n\t\t\t\t<\/div>\n\t\t\t\t<\/div>\n\t\t\n    <div class=\"xs_social_share_widget xs_share_url after_content \t\tmain_content  wslu-style-1 wslu-share-box-shaped wslu-fill-colored wslu-none wslu-share-horizontal wslu-theme-font-no wslu-main_content\">\n\n\t\t\n        <ul>\n\t\t\t        <\/ul>\n    <\/div> \n","protected":false},"excerpt":{"rendered":"<p>&#8220;Nie b\u0119d\u0119 si\u0119 przejmowa\u0107\u201d jest jednym ze scenariuszy uciekania od uczu\u0107 b\u00f3lu.<\/p>\n<p>Kiedy m\u00f3wisz sobie: nie b\u0119d\u0119 si\u0119 przejmowa\u0107 to oznacza, \u017ce m\u00f3wisz sobie nie obchodzi mnie, \u017ce mnie boli.<\/p>\n<p>Mo\u017cna to uzdrowi\u0107.<\/p>\n<p>O tym jest ten mini kurs.<\/p>\n<p>W kursie znajdziesz medytacje u\u015bwiadamiaj\u0105ce, ale przede wszystkim proste \u0107wiczenie jak uzdrawia\u0107 ten nawyk my\u015bleniowy.<\/p>\n","protected":false},"featured_media":746,"comment_status":"open","ping_status":"closed","template":"","meta":{"_acf_changed":false},"product_brand":[],"product_cat":[16],"product_tag":[],"class_list":{"0":"post-724","1":"product","2":"type-product","3":"status-publish","4":"has-post-thumbnail","6":"product_cat-uncategorized","8":"first","9":"instock","10":"downloadable","11":"virtual","12":"purchasable","13":"product-type-simple"},"acf":[],"jetpack_sharing_enabled":true,"_links":{"self":[{"href":"https:\/\/www.sentirevivere.com\/index.php\/wp-json\/wp\/v2\/product\/724","targetHints":{"allow":["GET"]}}],"collection":[{"href":"https:\/\/www.sentirevivere.com\/index.php\/wp-json\/wp\/v2\/product"}],"about":[{"href":"https:\/\/www.sentirevivere.com\/index.php\/wp-json\/wp\/v2\/types\/product"}],"replies":[{"embeddable":true,"href":"https:\/\/www.sentirevivere.com\/index.php\/wp-json\/wp\/v2\/comments?post=724"}],"version-history":[{"count":18,"href":"https:\/\/www.sentirevivere.com\/index.php\/wp-json\/wp\/v2\/product\/724\/revisions"}],"predecessor-version":[{"id":764,"href":"https:\/\/www.sentirevivere.com\/index.php\/wp-json\/wp\/v2\/product\/724\/revisions\/764"}],"wp:featuredmedia":[{"embeddable":true,"href":"https:\/\/www.sentirevivere.com\/index.php\/wp-json\/wp\/v2\/media\/746"}],"wp:attachment":[{"href":"https:\/\/www.sentirevivere.com\/index.php\/wp-json\/wp\/v2\/media?parent=724"}],"wp:term":[{"taxonomy":"product_brand","embeddable":true,"href":"https:\/\/www.sentirevivere.com\/index.php\/wp-json\/wp\/v2\/product_brand?post=724"},{"taxonomy":"product_cat","embeddable":true,"href":"https:\/\/www.sentirevivere.com\/index.php\/wp-json\/wp\/v2\/product_cat?post=724"},{"taxonomy":"product_tag","embeddable":true,"href":"https:\/\/www.sentirevivere.com\/index.php\/wp-json\/wp\/v2\/product_tag?post=724"}],"curies":[{"name":"wp","href":"https:\/\/api.w.org\/{rel}","templated":true}]}}