{"id":748,"date":"2026-04-11T06:20:18","date_gmt":"2026-04-11T06:20:18","guid":{"rendered":"https:\/\/www.sentirevivere.com\/?post_type=product&#038;p=748"},"modified":"2026-04-11T06:32:25","modified_gmt":"2026-04-11T06:32:25","slug":"zawodze-innych-mini-kurs-pdf","status":"publish","type":"product","link":"https:\/\/www.sentirevivere.com\/index.php\/product\/zawodze-innych-mini-kurs-pdf\/","title":{"rendered":"Zawodz\u0119 innych &#8211; Mini kurs pdf z medytacjami"},"content":{"rendered":"\t\t<div data-elementor-type=\"product-post\" data-elementor-id=\"748\" class=\"elementor elementor-748\" data-elementor-post-type=\"product\">\n\t\t\t\t<div class=\"elementor-element elementor-element-eea97ef e-flex e-con-boxed e-con e-parent\" data-id=\"eea97ef\" data-element_type=\"container\" data-e-type=\"container\">\n\t\t\t\t\t<div class=\"e-con-inner\">\n\t\t\t\t<div class=\"elementor-element elementor-element-57142e6 elementor-widget elementor-widget-html\" data-id=\"57142e6\" data-element_type=\"widget\" data-e-type=\"widget\" data-widget_type=\"html.default\">\n\t\t\t\t\t<div class=\"resconbop-box\"><div class=\"resconbop_custom_text\"><p>Hidden content<\/p><\/div><\/div>\t\t\t\t<\/div>\n\t\t\t\t\t<\/div>\n\t\t\t\t<\/div>\n\t\t<div class=\"elementor-element elementor-element-e312b08 e-flex e-con-boxed e-con e-parent\" data-id=\"e312b08\" data-element_type=\"container\" data-e-type=\"container\">\n\t\t\t\t\t<div class=\"e-con-inner\">\n\t\t\t\t\t<\/div>\n\t\t\t\t<\/div>\n\t\t\t\t<\/div>\n\t\t\n    <div class=\"xs_social_share_widget xs_share_url after_content \t\tmain_content  wslu-style-1 wslu-share-box-shaped wslu-fill-colored wslu-none wslu-share-horizontal wslu-theme-font-no wslu-main_content\">\n\n\t\t\n        <ul>\n\t\t\t        <\/ul>\n    <\/div> \n","protected":false},"excerpt":{"rendered":"<p>&#8220;Zawodz\u0119 innych&#8221; jest sposobem my\u015blenia, kt\u00f3rym oddzielasz si\u0119 od blisko\u015bci z samym sob\u0105.<\/p>\n<p>Przestajesz widzie\u0107 siebie w blisko\u015bci, widzisz siebie poprzez pryzmat oczekiwa\u0144 innych.<\/p>\n<p>Mo\u017cna to uzdrowi\u0107.<\/p>\n<p>O tym jest ten mini kurs.<\/p>\n<p>W kursie znajdziesz medytacje u\u015bwiadamiaj\u0105ce, ale przede wszystkim proste \u0107wiczenie jak uzdrawia\u0107 ten nawyk my\u015bleniowy.<\/p>\n","protected":false},"featured_media":750,"comment_status":"open","ping_status":"closed","template":"","meta":{"_acf_changed":false},"product_brand":[],"product_cat":[16],"product_tag":[],"class_list":{"0":"post-748","1":"product","2":"type-product","3":"status-publish","4":"has-post-thumbnail","6":"product_cat-uncategorized","8":"first","9":"instock","10":"downloadable","11":"virtual","12":"purchasable","13":"product-type-simple"},"acf":[],"jetpack_sharing_enabled":true,"_links":{"self":[{"href":"https:\/\/www.sentirevivere.com\/index.php\/wp-json\/wp\/v2\/product\/748","targetHints":{"allow":["GET"]}}],"collection":[{"href":"https:\/\/www.sentirevivere.com\/index.php\/wp-json\/wp\/v2\/product"}],"about":[{"href":"https:\/\/www.sentirevivere.com\/index.php\/wp-json\/wp\/v2\/types\/product"}],"replies":[{"embeddable":true,"href":"https:\/\/www.sentirevivere.com\/index.php\/wp-json\/wp\/v2\/comments?post=748"}],"version-history":[{"count":5,"href":"https:\/\/www.sentirevivere.com\/index.php\/wp-json\/wp\/v2\/product\/748\/revisions"}],"predecessor-version":[{"id":755,"href":"https:\/\/www.sentirevivere.com\/index.php\/wp-json\/wp\/v2\/product\/748\/revisions\/755"}],"wp:featuredmedia":[{"embeddable":true,"href":"https:\/\/www.sentirevivere.com\/index.php\/wp-json\/wp\/v2\/media\/750"}],"wp:attachment":[{"href":"https:\/\/www.sentirevivere.com\/index.php\/wp-json\/wp\/v2\/media?parent=748"}],"wp:term":[{"taxonomy":"product_brand","embeddable":true,"href":"https:\/\/www.sentirevivere.com\/index.php\/wp-json\/wp\/v2\/product_brand?post=748"},{"taxonomy":"product_cat","embeddable":true,"href":"https:\/\/www.sentirevivere.com\/index.php\/wp-json\/wp\/v2\/product_cat?post=748"},{"taxonomy":"product_tag","embeddable":true,"href":"https:\/\/www.sentirevivere.com\/index.php\/wp-json\/wp\/v2\/product_tag?post=748"}],"curies":[{"name":"wp","href":"https:\/\/api.w.org\/{rel}","templated":true}]}}