{"id":794,"date":"2026-05-01T05:33:04","date_gmt":"2026-05-01T05:33:04","guid":{"rendered":"https:\/\/www.sentirevivere.com\/?post_type=product&#038;p=794"},"modified":"2026-05-01T06:01:54","modified_gmt":"2026-05-01T06:01:54","slug":"ja-kreuje-rzeczywistosz-webinar","status":"publish","type":"product","link":"https:\/\/www.sentirevivere.com\/index.php\/product\/ja-kreuje-rzeczywistosz-webinar\/","title":{"rendered":"JA kreuj\u0119 moj\u0105 rzeczywisto\u015b\u0107 &#8211; webinar interaktywny"},"content":{"rendered":"\t\t<div data-elementor-type=\"product-post\" data-elementor-id=\"794\" class=\"elementor elementor-794\" data-elementor-post-type=\"product\">\n\t\t\t\t<div class=\"elementor-element elementor-element-21cb38c e-flex e-con-boxed e-con e-parent\" data-id=\"21cb38c\" data-element_type=\"container\" data-e-type=\"container\">\n\t\t\t\t\t<div class=\"e-con-inner\">\n\t\t\t\t<div class=\"elementor-element elementor-element-69458a4 e-n-tabs-mobile elementor-widget elementor-widget-n-tabs\" data-id=\"69458a4\" data-element_type=\"widget\" data-e-type=\"widget\" data-widget_type=\"nested-tabs.default\">\n\t\t\t\t\t\t\t<div class=\"e-n-tabs\" data-widget-number=\"110385316\" aria-label=\"Tabs. Open items with Enter or Space, close with Escape and navigate using the Arrow keys.\">\n\t\t\t<div class=\"e-n-tabs-heading\" role=\"tablist\">\n\t\t\t\t\t<button id=\"e-n-tab-title-1103853161\" data-tab-title-id=\"e-n-tab-title-1103853161\" class=\"e-n-tab-title\" aria-selected=\"true\" data-tab-index=\"1\" role=\"tab\" tabindex=\"0\" aria-controls=\"e-n-tab-content-1103853161\" style=\"--n-tabs-title-order: 1;\">\n\t\t\t\t\t\t<span class=\"e-n-tab-title-text\">\n\t\t\t\tKiedy?\t\t\t<\/span>\n\t\t<\/button>\n\t\t\t\t<button id=\"e-n-tab-title-1103853162\" data-tab-title-id=\"e-n-tab-title-1103853162\" class=\"e-n-tab-title\" aria-selected=\"false\" data-tab-index=\"2\" role=\"tab\" tabindex=\"-1\" aria-controls=\"e-n-tab-content-1103853162\" style=\"--n-tabs-title-order: 2;\">\n\t\t\t\t\t\t<span class=\"e-n-tab-title-text\">\n\t\t\t\tCo mi da webinar?\t\t\t<\/span>\n\t\t<\/button>\n\t\t\t\t\t<\/div>\n\t\t\t<div class=\"e-n-tabs-content\">\n\t\t\t\t<div id=\"e-n-tab-content-1103853161\" role=\"tabpanel\" aria-labelledby=\"e-n-tab-title-1103853161\" data-tab-index=\"1\" style=\"--n-tabs-title-order: 1;\" class=\"e-active elementor-element elementor-element-1ab9f1c e-con-full e-flex e-con e-child\" data-id=\"1ab9f1c\" data-element_type=\"container\" data-e-type=\"container\">\n\t\t\t\t<div class=\"elementor-element elementor-element-74365a9 elementor-widget elementor-widget-text-editor\" data-id=\"74365a9\" data-element_type=\"widget\" data-e-type=\"widget\" data-widget_type=\"text-editor.default\">\n\t\t\t\t\t\t\t\t\t<blockquote style=\"color: #222222; font-family: Arial, Helvetica, sans-serif; font-size: small;\"><div dir=\"ltr\">09.05.2026 w godzinach 11.00-12.30<\/div><\/blockquote>\t\t\t\t\t\t\t\t<\/div>\n\t\t\t\t<\/div>\n\t\t<div id=\"e-n-tab-content-1103853162\" role=\"tabpanel\" aria-labelledby=\"e-n-tab-title-1103853162\" data-tab-index=\"2\" style=\"--n-tabs-title-order: 2;\" class=\" elementor-element elementor-element-908423b e-con-full e-flex e-con e-child\" data-id=\"908423b\" data-element_type=\"container\" data-e-type=\"container\">\n\t\t\t\t<div class=\"elementor-element elementor-element-e7f25ce elementor-widget elementor-widget-text-editor\" data-id=\"e7f25ce\" data-element_type=\"widget\" data-e-type=\"widget\" data-widget_type=\"text-editor.default\">\n\t\t\t\t\t\t\t\t\t<blockquote style=\"color: #222222; font-family: Arial, Helvetica, sans-serif; font-size: small;\"><div dir=\"ltr\"><div>\u201cChc\u0119\u201d uruchamia energi\u0119 \u017cycia. A energia \u017cycia sprawia, \u017ce inaczej funkcjonujesz. Tego nie da si\u0119 wyt\u0142umaczy\u0107 to mo\u017cna jedynie poczu\u0107.<\/div><div>\u00a0<\/div><div>W czasie webinaru W PRAKTYCE do\u015bwiadczysz r\u00f3\u017cnicy mi\u0119dzy \u201cnie chce mi si\u0119\u201d versus \u201cchc\u0119 dla siebie\u201d. Od tego momentu b\u0119dziesz mie\u0107 wyb\u00f3r.\u00a0<\/div><div>Celem webinaru jest pokaza\u0107 Ci jak na co dzie\u0144 dociera\u0107 do swojego \u201cchc\u0119\u201d i jak to zmienia jako\u015b\u0107 \u017cycia.<\/div><\/div><\/blockquote>\t\t\t\t\t\t\t\t<\/div>\n\t\t\t\t<\/div>\n\t\t\t\t\t<\/div>\n\t\t<\/div>\n\t\t\t\t\t\t<\/div>\n\t\t\t\t\t<\/div>\n\t\t\t\t<\/div>\n\t\t<div class=\"elementor-element elementor-element-132fb0e e-flex e-con-boxed e-con e-parent\" data-id=\"132fb0e\" data-element_type=\"container\" data-e-type=\"container\">\n\t\t\t\t\t<div class=\"e-con-inner\">\n\t\t\t\t<div class=\"elementor-element elementor-element-9b99a2e elementor-widget elementor-widget-html\" data-id=\"9b99a2e\" data-element_type=\"widget\" data-e-type=\"widget\" data-widget_type=\"html.default\">\n\t\t\t\t\t<div class=\"resconbop-box\"><div class=\"resconbop_custom_text\">Here you will find the link to the product after the purchase<\/div><\/div>\t\t\t\t<\/div>\n\t\t\t\t\t<\/div>\n\t\t\t\t<\/div>\n\t\t\t\t<\/div>\n\t\t\n    <div class=\"xs_social_share_widget xs_share_url after_content \t\tmain_content  wslu-style-1 wslu-share-box-shaped wslu-fill-colored wslu-none wslu-share-horizontal wslu-theme-font-no wslu-main_content\">\n\n\t\t\n        <ul>\n\t\t\t        <\/ul>\n    <\/div> \n","protected":false},"excerpt":{"rendered":"<div dir=\"ltr\">\n<div>&#8211; \u017cycie mnie kopie,<\/div>\n<div>&#8211; to nie mo\u017cliwe, \u017ceby by\u0107 szcz\u0119\u015bliwym<\/div>\n<div>&#8211; nie mam na nic wp\u0142ywu<\/div>\n<div>&#8211; \u017cycie jest bez sensu<\/div>\n<div>&#8211; szcz\u0119\u015bcie to iluzja<\/div>\n<div>&#8211; inne podobne<\/div>\n<\/div>\n<div><\/div>\n<div>Brzmi znajomo? Je\u015bli powtarzasz to sobie i co gorsza uwierzysz, \u017ce tak jest to kreujesz swoj\u0105 rzeczywisto\u015b\u0107 z tych przekona\u0144.<\/div>\n<div><\/div>\n<div>Dobra wiadomo\u015b\u0107 jest taka, \u017ce jednak to TY KREUJESZ SWOJ\u0104 RZECZYWISTO\u015a\u0106, i istniej\u0105 zasady, kt\u00f3re to okre\u015blaj\u0105.<\/div>\n<div>Je\u015bli poznasz ziemskie prawa kreowania rzeczywisto\u015bci wtedy Ty decydujesz jak ona wygl\u0105da.<\/div>\n<div><\/div>\n<div>Jedyny haczyk jest taki, \u017ce poznanie tych ziemskich praw i zastosowanie ich wymaga procesu.<\/div>\n<div>Ale warto!!!!<\/div>\n<div><\/div>\n<div>Zapraszam na Webinar wprowadzaj\u0105cy do tematu.<\/div>\n<div dir=\"ltr\">\n<div><\/div>\n<div>Webinar jest interaktywny, zamiast teorii dostajesz od razu odpowiedzi i \u0107wiczenia dostosowane do Ciebie.<\/div>\n<\/div>\n<div><\/div>\n<div><strong>Uwaga!<\/strong><br \/>\n<strong>Link do spotkania jest dost\u0119pny dla klient\u00f3w, kt\u00f3ry zakupili ten produkt, na stronie produktu po zalogowaniu do sklepu.<\/strong><\/div>\n<div dir=\"ltr\">\n<div><\/div>\n<\/div>\n","protected":false},"featured_media":795,"comment_status":"open","ping_status":"closed","template":"","meta":{"_acf_changed":false},"product_brand":[],"product_cat":[16],"product_tag":[],"class_list":{"0":"post-794","1":"product","2":"type-product","3":"status-publish","4":"has-post-thumbnail","6":"product_cat-uncategorized","8":"first","9":"instock","10":"virtual","11":"purchasable","12":"product-type-simple"},"acf":[],"jetpack_sharing_enabled":true,"_links":{"self":[{"href":"https:\/\/www.sentirevivere.com\/index.php\/wp-json\/wp\/v2\/product\/794","targetHints":{"allow":["GET"]}}],"collection":[{"href":"https:\/\/www.sentirevivere.com\/index.php\/wp-json\/wp\/v2\/product"}],"about":[{"href":"https:\/\/www.sentirevivere.com\/index.php\/wp-json\/wp\/v2\/types\/product"}],"replies":[{"embeddable":true,"href":"https:\/\/www.sentirevivere.com\/index.php\/wp-json\/wp\/v2\/comments?post=794"}],"version-history":[{"count":8,"href":"https:\/\/www.sentirevivere.com\/index.php\/wp-json\/wp\/v2\/product\/794\/revisions"}],"predecessor-version":[{"id":804,"href":"https:\/\/www.sentirevivere.com\/index.php\/wp-json\/wp\/v2\/product\/794\/revisions\/804"}],"wp:featuredmedia":[{"embeddable":true,"href":"https:\/\/www.sentirevivere.com\/index.php\/wp-json\/wp\/v2\/media\/795"}],"wp:attachment":[{"href":"https:\/\/www.sentirevivere.com\/index.php\/wp-json\/wp\/v2\/media?parent=794"}],"wp:term":[{"taxonomy":"product_brand","embeddable":true,"href":"https:\/\/www.sentirevivere.com\/index.php\/wp-json\/wp\/v2\/product_brand?post=794"},{"taxonomy":"product_cat","embeddable":true,"href":"https:\/\/www.sentirevivere.com\/index.php\/wp-json\/wp\/v2\/product_cat?post=794"},{"taxonomy":"product_tag","embeddable":true,"href":"https:\/\/www.sentirevivere.com\/index.php\/wp-json\/wp\/v2\/product_tag?post=794"}],"curies":[{"name":"wp","href":"https:\/\/api.w.org\/{rel}","templated":true}]}}